{"id":19,"date":"2022-12-27T14:44:07","date_gmt":"2022-12-27T14:44:07","guid":{"rendered":"https:\/\/collegetroisvallees.be\/notredamedesanges\/?page_id=19"},"modified":"2025-07-03T09:39:28","modified_gmt":"2025-07-03T09:39:28","slug":"partenaires","status":"publish","type":"page","link":"https:\/\/collegetroisvallees.be\/notredamedesanges\/partenaires\/","title":{"rendered":"Partenaires"},"content":{"rendered":"\t\t<div data-elementor-type=\"wp-page\" data-elementor-id=\"19\" class=\"elementor elementor-19\">\n\t\t\t\t\t\t<section class=\"elementor-section elementor-top-section elementor-element elementor-element-50ebe5f4 elementor-section-boxed elementor-section-height-default elementor-section-height-default\" data-id=\"50ebe5f4\" data-element_type=\"section\" data-e-type=\"section\">\n\t\t\t\t\t\t<div class=\"elementor-container elementor-column-gap-default\">\n\t\t\t\t\t<div class=\"elementor-column elementor-col-100 elementor-top-column elementor-element elementor-element-492d52de\" data-id=\"492d52de\" data-element_type=\"column\" data-e-type=\"column\">\n\t\t\t<div class=\"elementor-widget-wrap elementor-element-populated\">\n\t\t\t\t\t\t<div class=\"elementor-element elementor-element-46872bff elementor-widget elementor-widget-spacer\" data-id=\"46872bff\" data-element_type=\"widget\" data-e-type=\"widget\" data-widget_type=\"spacer.default\">\n\t\t\t\t<div class=\"elementor-widget-container\">\n\t\t\t\t\t\t\t<div class=\"elementor-spacer\">\n\t\t\t<div class=\"elementor-spacer-inner\"><\/div>\n\t\t<\/div>\n\t\t\t\t\t\t<\/div>\n\t\t\t\t<\/div>\n\t\t\t\t\t<\/div>\n\t\t<\/div>\n\t\t\t\t\t<\/div>\n\t\t<\/section>\n\t\t\t\t<section class=\"elementor-section elementor-top-section elementor-element elementor-element-71a4045 elementor-section-boxed elementor-section-height-default elementor-section-height-default\" data-id=\"71a4045\" data-element_type=\"section\" data-e-type=\"section\">\n\t\t\t\t\t\t<div class=\"elementor-container elementor-column-gap-default\">\n\t\t\t\t\t<div class=\"elementor-column elementor-col-100 elementor-top-column elementor-element elementor-element-9fbd38d\" data-id=\"9fbd38d\" data-element_type=\"column\" data-e-type=\"column\">\n\t\t\t<div class=\"elementor-widget-wrap elementor-element-populated\">\n\t\t\t\t\t\t<div class=\"elementor-element elementor-element-ac71b2b animated-slow elementor-invisible elementor-widget elementor-widget-heading\" data-id=\"ac71b2b\" data-element_type=\"widget\" data-e-type=\"widget\" data-settings=\"{&quot;_animation&quot;:&quot;fadeIn&quot;}\" data-widget_type=\"heading.default\">\n\t\t\t\t<div class=\"elementor-widget-container\">\n\t\t\t\t\t<h1 class=\"elementor-heading-title elementor-size-default\">Nos partenaires<\/h1>\t\t\t\t<\/div>\n\t\t\t\t<\/div>\n\t\t\t\t\t<\/div>\n\t\t<\/div>\n\t\t\t\t\t<\/div>\n\t\t<\/section>\n\t\t\t\t<section class=\"elementor-section elementor-top-section elementor-element elementor-element-73864de elementor-section-boxed elementor-section-height-default elementor-section-height-default\" data-id=\"73864de\" data-element_type=\"section\" data-e-type=\"section\">\n\t\t\t\t\t\t<div class=\"elementor-container elementor-column-gap-default\">\n\t\t\t\t\t<div class=\"elementor-column elementor-col-50 elementor-top-column elementor-element elementor-element-f399a3b\" data-id=\"f399a3b\" data-element_type=\"column\" data-e-type=\"column\">\n\t\t\t<div class=\"elementor-widget-wrap elementor-element-populated\">\n\t\t\t\t\t\t<div class=\"elementor-element elementor-element-3d47aed elementor-widget elementor-widget-image\" data-id=\"3d47aed\" data-element_type=\"widget\" data-e-type=\"widget\" data-widget_type=\"image.default\">\n\t\t\t\t<div class=\"elementor-widget-container\">\n\t\t\t\t\t\t\t\t\t\t\t\t\t\t\t\t<a href=\"https:\/\/enseignement.catholique.be\/\" target=\"_blank\">\n\t\t\t\t\t\t\t<img fetchpriority=\"high\" decoding=\"async\" width=\"292\" height=\"173\" src=\"https:\/\/collegetroisvallees.be\/notredamedesanges\/wp-content\/uploads\/2023\/03\/segec-fesec.png\" class=\"elementor-animation-grow attachment-large size-large wp-image-9093\" alt=\"\" \/>\t\t\t\t\t\t\t\t<\/a>\n\t\t\t\t\t\t\t\t\t\t\t\t\t\t\t<\/div>\n\t\t\t\t<\/div>\n\t\t\t\t<div class=\"elementor-element elementor-element-31294eb elementor-widget elementor-widget-heading\" data-id=\"31294eb\" data-element_type=\"widget\" data-e-type=\"widget\" data-widget_type=\"heading.default\">\n\t\t\t\t<div class=\"elementor-widget-container\">\n\t\t\t\t\t<h2 class=\"elementor-heading-title elementor-size-default\">SEGEC-FESEC<\/h2>\t\t\t\t<\/div>\n\t\t\t\t<\/div>\n\t\t\t\t\t<\/div>\n\t\t<\/div>\n\t\t\t\t<div class=\"elementor-column elementor-col-50 elementor-top-column elementor-element elementor-element-4cd4312\" data-id=\"4cd4312\" data-element_type=\"column\" data-e-type=\"column\">\n\t\t\t<div class=\"elementor-widget-wrap elementor-element-populated\">\n\t\t\t\t\t\t<div class=\"elementor-element elementor-element-d001b81 elementor-widget elementor-widget-image\" data-id=\"d001b81\" data-element_type=\"widget\" data-e-type=\"widget\" data-widget_type=\"image.default\">\n\t\t\t\t<div class=\"elementor-widget-container\">\n\t\t\t\t\t\t\t\t\t\t\t\t\t\t\t\t<a href=\"https:\/\/next-generation-eu.europa.eu\/\" target=\"_blank\">\n\t\t\t\t\t\t\t<img decoding=\"async\" width=\"275\" height=\"183\" src=\"https:\/\/collegetroisvallees.be\/notredamedesanges\/wp-content\/uploads\/2023\/03\/telechargement-1.png\" class=\"elementor-animation-grow attachment-large size-large wp-image-7003\" alt=\"\" \/>\t\t\t\t\t\t\t\t<\/a>\n\t\t\t\t\t\t\t\t\t\t\t\t\t\t\t<\/div>\n\t\t\t\t<\/div>\n\t\t\t\t<div class=\"elementor-element elementor-element-f5e5736 elementor-widget elementor-widget-heading\" data-id=\"f5e5736\" data-element_type=\"widget\" data-e-type=\"widget\" data-widget_type=\"heading.default\">\n\t\t\t\t<div class=\"elementor-widget-container\">\n\t\t\t\t\t<h2 class=\"elementor-heading-title elementor-size-default\">Financ\u00e9 par l'Europe\n<br>\nNext Generation EU<\/h2>\t\t\t\t<\/div>\n\t\t\t\t<\/div>\n\t\t\t\t\t<\/div>\n\t\t<\/div>\n\t\t\t\t\t<\/div>\n\t\t<\/section>\n\t\t\t\t<section class=\"elementor-section elementor-top-section elementor-element elementor-element-fdb6054 elementor-section-boxed elementor-section-height-default elementor-section-height-default\" data-id=\"fdb6054\" data-element_type=\"section\" data-e-type=\"section\">\n\t\t\t\t\t\t<div class=\"elementor-container elementor-column-gap-default\">\n\t\t\t\t\t<div class=\"elementor-column elementor-col-50 elementor-top-column elementor-element elementor-element-fe7f67c\" data-id=\"fe7f67c\" data-element_type=\"column\" data-e-type=\"column\">\n\t\t\t<div class=\"elementor-widget-wrap elementor-element-populated\">\n\t\t\t\t\t\t<div class=\"elementor-element elementor-element-a516eff elementor-widget elementor-widget-image\" data-id=\"a516eff\" data-element_type=\"widget\" data-e-type=\"widget\" data-widget_type=\"image.default\">\n\t\t\t\t<div class=\"elementor-widget-container\">\n\t\t\t\t\t\t\t\t\t\t\t\t\t\t\t\t<a href=\"https:\/\/www.centrepms.be\/wavre3\" target=\"_blank\">\n\t\t\t\t\t\t\t<img decoding=\"async\" width=\"296\" height=\"243\" src=\"https:\/\/collegetroisvallees.be\/notredamedesanges\/wp-content\/uploads\/2023\/03\/Logo_asbl_BW_.jpeg\" class=\"elementor-animation-grow attachment-large size-large wp-image-7010\" alt=\"\" \/>\t\t\t\t\t\t\t\t<\/a>\n\t\t\t\t\t\t\t\t\t\t\t\t\t\t\t<\/div>\n\t\t\t\t<\/div>\n\t\t\t\t<div class=\"elementor-element elementor-element-753ca4c elementor-widget elementor-widget-heading\" data-id=\"753ca4c\" data-element_type=\"widget\" data-e-type=\"widget\" data-widget_type=\"heading.default\">\n\t\t\t\t<div class=\"elementor-widget-container\">\n\t\t\t\t\t<h2 class=\"elementor-heading-title elementor-size-default\">PMS Brabant wallon<\/h2>\t\t\t\t<\/div>\n\t\t\t\t<\/div>\n\t\t\t\t\t<\/div>\n\t\t<\/div>\n\t\t\t\t<div class=\"elementor-column elementor-col-50 elementor-top-column elementor-element elementor-element-2623037\" data-id=\"2623037\" data-element_type=\"column\" data-e-type=\"column\">\n\t\t\t<div class=\"elementor-widget-wrap elementor-element-populated\">\n\t\t\t\t\t\t<div class=\"elementor-element elementor-element-b6c8839 elementor-widget elementor-widget-image\" data-id=\"b6c8839\" data-element_type=\"widget\" data-e-type=\"widget\" data-widget_type=\"image.default\">\n\t\t\t\t<div class=\"elementor-widget-container\">\n\t\t\t\t\t\t\t\t\t\t\t\t\t\t\t\t<a href=\"https:\/\/amo-lacroisee.jimdofree.com\/\" target=\"_blank\">\n\t\t\t\t\t\t\t<img loading=\"lazy\" decoding=\"async\" width=\"210\" height=\"288\" src=\"https:\/\/collegetroisvallees.be\/notredamedesanges\/wp-content\/uploads\/2023\/03\/image.png\" class=\"elementor-animation-grow attachment-large size-large wp-image-7011\" alt=\"\" \/>\t\t\t\t\t\t\t\t<\/a>\n\t\t\t\t\t\t\t\t\t\t\t\t\t\t\t<\/div>\n\t\t\t\t<\/div>\n\t\t\t\t<div class=\"elementor-element elementor-element-6cefb06 elementor-widget elementor-widget-heading\" data-id=\"6cefb06\" data-element_type=\"widget\" data-e-type=\"widget\" data-widget_type=\"heading.default\">\n\t\t\t\t<div class=\"elementor-widget-container\">\n\t\t\t\t\t<h2 class=\"elementor-heading-title elementor-size-default\">AMO La Crois\u00e9e<\/h2>\t\t\t\t<\/div>\n\t\t\t\t<\/div>\n\t\t\t\t\t<\/div>\n\t\t<\/div>\n\t\t\t\t\t<\/div>\n\t\t<\/section>\n\t\t\t\t<section class=\"elementor-section elementor-top-section elementor-element elementor-element-4077f1b elementor-section-boxed elementor-section-height-default elementor-section-height-default\" data-id=\"4077f1b\" data-element_type=\"section\" data-e-type=\"section\">\n\t\t\t\t\t\t<div class=\"elementor-container elementor-column-gap-default\">\n\t\t\t\t\t<div class=\"elementor-column elementor-col-50 elementor-top-column elementor-element elementor-element-eabc9b1\" data-id=\"eabc9b1\" data-element_type=\"column\" data-e-type=\"column\">\n\t\t\t<div class=\"elementor-widget-wrap elementor-element-populated\">\n\t\t\t\t\t\t<div class=\"elementor-element elementor-element-96edfa3 elementor-widget elementor-widget-image\" data-id=\"96edfa3\" data-element_type=\"widget\" data-e-type=\"widget\" data-widget_type=\"image.default\">\n\t\t\t\t<div class=\"elementor-widget-container\">\n\t\t\t\t\t\t\t\t\t\t\t\t\t\t\t\t<a href=\"https:\/\/www.wbe.be\/les-poles-territoriaux-quest-ce-que-cest\/\" target=\"_blank\">\n\t\t\t\t\t\t\t<img loading=\"lazy\" decoding=\"async\" width=\"150\" height=\"137\" src=\"https:\/\/collegetroisvallees.be\/notredamedesanges\/wp-content\/uploads\/2023\/03\/logoWBE_150x137.jpg\" class=\"elementor-animation-grow attachment-large size-large wp-image-9100\" alt=\"\" \/>\t\t\t\t\t\t\t\t<\/a>\n\t\t\t\t\t\t\t\t\t\t\t\t\t\t\t<\/div>\n\t\t\t\t<\/div>\n\t\t\t\t\t<\/div>\n\t\t<\/div>\n\t\t\t\t<div class=\"elementor-column elementor-col-50 elementor-top-column elementor-element elementor-element-9648e6b\" data-id=\"9648e6b\" data-element_type=\"column\" data-e-type=\"column\">\n\t\t\t<div class=\"elementor-widget-wrap elementor-element-populated\">\n\t\t\t\t\t\t<div class=\"elementor-element elementor-element-3e01cdb elementor-widget elementor-widget-image\" data-id=\"3e01cdb\" data-element_type=\"widget\" data-e-type=\"widget\" data-widget_type=\"image.default\">\n\t\t\t\t<div class=\"elementor-widget-container\">\n\t\t\t\t\t\t\t\t\t\t\t\t\t\t\t\t<a href=\"https:\/\/ecolelacime.be\/pole-territorial\/\" target=\"_blank\">\n\t\t\t\t\t\t\t<img loading=\"lazy\" decoding=\"async\" width=\"213\" height=\"263\" src=\"https:\/\/collegetroisvallees.be\/notredamedesanges\/wp-content\/uploads\/2024\/01\/pole-la-cime-logo-jpg.webp\" class=\"elementor-animation-grow attachment-large size-large wp-image-9927\" alt=\"\" \/>\t\t\t\t\t\t\t\t<\/a>\n\t\t\t\t\t\t\t\t\t\t\t\t\t\t\t<\/div>\n\t\t\t\t<\/div>\n\t\t\t\t<div class=\"elementor-element elementor-element-347f42c elementor-widget elementor-widget-heading\" data-id=\"347f42c\" data-element_type=\"widget\" data-e-type=\"widget\" data-widget_type=\"heading.default\">\n\t\t\t\t<div class=\"elementor-widget-container\">\n\t\t\t\t\t<h2 class=\"elementor-heading-title elementor-size-default\">P\u00f4les territoriaux<\/h2>\t\t\t\t<\/div>\n\t\t\t\t<\/div>\n\t\t\t\t\t<\/div>\n\t\t<\/div>\n\t\t\t\t\t<\/div>\n\t\t<\/section>\n\t\t\t\t<\/div>\n\t\t","protected":false},"excerpt":{"rendered":"<p>Nos partenaires SEGEC-FESEC Financ\u00e9 par l&rsquo;Europe Next Generation EU PMS Brabant wallon AMO La Crois\u00e9e P\u00f4les territoriaux<\/p>\n","protected":false},"author":1,"featured_media":0,"parent":0,"menu_order":0,"comment_status":"closed","ping_status":"closed","template":"","meta":{"site-sidebar-layout":"no-sidebar","site-content-layout":"page-builder","ast-site-content-layout":"default","site-content-style":"default","site-sidebar-style":"default","ast-global-header-display":"","ast-banner-title-visibility":"","ast-main-header-display":"","ast-hfb-above-header-display":"","ast-hfb-below-header-display":"","ast-hfb-mobile-header-display":"","site-post-title":"disabled","ast-breadcrumbs-content":"","ast-featured-img":"disabled","footer-sml-layout":"","ast-disable-related-posts":"","theme-transparent-header-meta":"","adv-header-id-meta":"","stick-header-meta":"","header-above-stick-meta":"","header-main-stick-meta":"","header-below-stick-meta":"","astra-migrate-meta-layouts":"default","ast-page-background-enabled":"default","ast-page-background-meta":{"desktop":{"background-color":"var(--ast-global-color-4)","background-image":"","background-repeat":"repeat","background-position":"center center","background-size":"auto","background-attachment":"scroll","background-type":"","background-media":"","overlay-type":"","overlay-color":"","overlay-opacity":"","overlay-gradient":""},"tablet":{"background-color":"","background-image":"","background-repeat":"repeat","background-position":"center center","background-size":"auto","background-attachment":"scroll","background-type":"","background-media":"","overlay-type":"","overlay-color":"","overlay-opacity":"","overlay-gradient":""},"mobile":{"background-color":"","background-image":"","background-repeat":"repeat","background-position":"center center","background-size":"auto","background-attachment":"scroll","background-type":"","background-media":"","overlay-type":"","overlay-color":"","overlay-opacity":"","overlay-gradient":""}},"ast-content-background-meta":{"desktop":{"background-color":"var(--ast-global-color-5)","background-image":"","background-repeat":"repeat","background-position":"center center","background-size":"auto","background-attachment":"scroll","background-type":"","background-media":"","overlay-type":"","overlay-color":"","overlay-opacity":"","overlay-gradient":""},"tablet":{"background-color":"var(--ast-global-color-5)","background-image":"","background-repeat":"repeat","background-position":"center center","background-size":"auto","background-attachment":"scroll","background-type":"","background-media":"","overlay-type":"","overlay-color":"","overlay-opacity":"","overlay-gradient":""},"mobile":{"background-color":"var(--ast-global-color-5)","background-image":"","background-repeat":"repeat","background-position":"center center","background-size":"auto","background-attachment":"scroll","background-type":"","background-media":"","overlay-type":"","overlay-color":"","overlay-opacity":"","overlay-gradient":""}},"footnotes":""},"class_list":["post-19","page","type-page","status-publish","hentry"],"yoast_head":"<!-- This site is optimized with the Yoast SEO plugin v27.4 - https:\/\/yoast.com\/product\/yoast-seo-wordpress\/ -->\n<title>Partenaires du Coll\u00e8ge Notre-Dame des Anges<\/title>\n<meta name=\"description\" content=\"Partenariats entre le Coll\u00e8ge Notre-Dame des Anges et des institutions ou ASBL afin d&#039;aider le coll\u00e8ge \u00e0 s&#039;\u00e9manciper.\" \/>\n<meta name=\"robots\" content=\"index, follow, max-snippet:-1, max-image-preview:large, max-video-preview:-1\" \/>\n<link rel=\"canonical\" href=\"https:\/\/collegetroisvallees.be\/notredamedesanges\/partenaires\/\" \/>\n<meta property=\"og:locale\" content=\"fr_FR\" \/>\n<meta property=\"og:type\" content=\"article\" \/>\n<meta property=\"og:title\" content=\"Coll\u00e8ge Notre-Dame des Anges\" \/>\n<meta property=\"og:description\" content=\"Situ\u00e9 \u00e0 Genval en Brabant wallon, ce coll\u00e8ge familial propose une fili\u00e8re francophone et une immersion en n\u00e9erlandais.\" \/>\n<meta property=\"og:url\" content=\"https:\/\/collegetroisvallees.be\/notredamedesanges\/partenaires\/\" \/>\n<meta property=\"og:site_name\" content=\"Notre-Dame des Anges\" \/>\n<meta property=\"article:publisher\" content=\"https:\/\/www.facebook.com\/profile.php?id=100048287660729\" \/>\n<meta property=\"article:modified_time\" content=\"2025-07-03T09:39:28+00:00\" \/>\n<meta property=\"og:image\" content=\"https:\/\/collegetroisvallees.be\/notredamedesanges\/wp-content\/uploads\/2023\/03\/cropped-Logo_CND3V.png\" \/>\n\t<meta property=\"og:image:width\" content=\"800\" \/>\n\t<meta property=\"og:image:height\" content=\"260\" \/>\n\t<meta property=\"og:image:type\" content=\"image\/png\" \/>\n<meta name=\"twitter:card\" content=\"summary_large_image\" \/>\n<meta name=\"twitter:label1\" content=\"Dur\u00e9e de lecture estim\u00e9e\" \/>\n\t<meta name=\"twitter:data1\" content=\"2 minutes\" \/>\n<script type=\"application\/ld+json\" class=\"yoast-schema-graph\">{\"@context\":\"https:\\\/\\\/schema.org\",\"@graph\":[{\"@type\":\"WebPage\",\"@id\":\"https:\\\/\\\/collegetroisvallees.be\\\/notredamedesanges\\\/partenaires\\\/\",\"url\":\"https:\\\/\\\/collegetroisvallees.be\\\/notredamedesanges\\\/partenaires\\\/\",\"name\":\"Partenaires du Coll\u00e8ge Notre-Dame des Anges\",\"isPartOf\":{\"@id\":\"https:\\\/\\\/collegetroisvallees.be\\\/notredamedesanges\\\/#website\"},\"primaryImageOfPage\":{\"@id\":\"https:\\\/\\\/collegetroisvallees.be\\\/notredamedesanges\\\/partenaires\\\/#primaryimage\"},\"image\":{\"@id\":\"https:\\\/\\\/collegetroisvallees.be\\\/notredamedesanges\\\/partenaires\\\/#primaryimage\"},\"thumbnailUrl\":\"https:\\\/\\\/collegetroisvallees.be\\\/notredamedesanges\\\/wp-content\\\/uploads\\\/2023\\\/03\\\/segec-fesec.png\",\"datePublished\":\"2022-12-27T14:44:07+00:00\",\"dateModified\":\"2025-07-03T09:39:28+00:00\",\"description\":\"Partenariats entre le Coll\u00e8ge Notre-Dame des Anges et des institutions ou ASBL afin d'aider le coll\u00e8ge \u00e0 s'\u00e9manciper.\",\"breadcrumb\":{\"@id\":\"https:\\\/\\\/collegetroisvallees.be\\\/notredamedesanges\\\/partenaires\\\/#breadcrumb\"},\"inLanguage\":\"fr-FR\",\"potentialAction\":[{\"@type\":\"ReadAction\",\"target\":[\"https:\\\/\\\/collegetroisvallees.be\\\/notredamedesanges\\\/partenaires\\\/\"]}]},{\"@type\":\"ImageObject\",\"inLanguage\":\"fr-FR\",\"@id\":\"https:\\\/\\\/collegetroisvallees.be\\\/notredamedesanges\\\/partenaires\\\/#primaryimage\",\"url\":\"https:\\\/\\\/collegetroisvallees.be\\\/notredamedesanges\\\/wp-content\\\/uploads\\\/2023\\\/03\\\/segec-fesec.png\",\"contentUrl\":\"https:\\\/\\\/collegetroisvallees.be\\\/notredamedesanges\\\/wp-content\\\/uploads\\\/2023\\\/03\\\/segec-fesec.png\",\"width\":292,\"height\":173},{\"@type\":\"BreadcrumbList\",\"@id\":\"https:\\\/\\\/collegetroisvallees.be\\\/notredamedesanges\\\/partenaires\\\/#breadcrumb\",\"itemListElement\":[{\"@type\":\"ListItem\",\"position\":1,\"name\":\"Accueil\",\"item\":\"https:\\\/\\\/collegetroisvallees.be\\\/notredamedesanges\\\/\"},{\"@type\":\"ListItem\",\"position\":2,\"name\":\"Partenaires\"}]},{\"@type\":\"WebSite\",\"@id\":\"https:\\\/\\\/collegetroisvallees.be\\\/notredamedesanges\\\/#website\",\"url\":\"https:\\\/\\\/collegetroisvallees.be\\\/notredamedesanges\\\/\",\"name\":\"Notre-Dame des Anges\",\"description\":\"\",\"potentialAction\":[{\"@type\":\"SearchAction\",\"target\":{\"@type\":\"EntryPoint\",\"urlTemplate\":\"https:\\\/\\\/collegetroisvallees.be\\\/notredamedesanges\\\/?s={search_term_string}\"},\"query-input\":{\"@type\":\"PropertyValueSpecification\",\"valueRequired\":true,\"valueName\":\"search_term_string\"}}],\"inLanguage\":\"fr-FR\"}]}<\/script>\n<!-- \/ Yoast SEO plugin. -->","yoast_head_json":{"title":"Partenaires du Coll\u00e8ge Notre-Dame des Anges","description":"Partenariats entre le Coll\u00e8ge Notre-Dame des Anges et des institutions ou ASBL afin d'aider le coll\u00e8ge \u00e0 s'\u00e9manciper.","robots":{"index":"index","follow":"follow","max-snippet":"max-snippet:-1","max-image-preview":"max-image-preview:large","max-video-preview":"max-video-preview:-1"},"canonical":"https:\/\/collegetroisvallees.be\/notredamedesanges\/partenaires\/","og_locale":"fr_FR","og_type":"article","og_title":"Coll\u00e8ge Notre-Dame des Anges","og_description":"Situ\u00e9 \u00e0 Genval en Brabant wallon, ce coll\u00e8ge familial propose une fili\u00e8re francophone et une immersion en n\u00e9erlandais.","og_url":"https:\/\/collegetroisvallees.be\/notredamedesanges\/partenaires\/","og_site_name":"Notre-Dame des Anges","article_publisher":"https:\/\/www.facebook.com\/profile.php?id=100048287660729","article_modified_time":"2025-07-03T09:39:28+00:00","og_image":[{"width":800,"height":260,"url":"https:\/\/collegetroisvallees.be\/notredamedesanges\/wp-content\/uploads\/2023\/03\/cropped-Logo_CND3V.png","type":"image\/png"}],"twitter_card":"summary_large_image","twitter_misc":{"Dur\u00e9e de lecture estim\u00e9e":"2 minutes"},"schema":{"@context":"https:\/\/schema.org","@graph":[{"@type":"WebPage","@id":"https:\/\/collegetroisvallees.be\/notredamedesanges\/partenaires\/","url":"https:\/\/collegetroisvallees.be\/notredamedesanges\/partenaires\/","name":"Partenaires du Coll\u00e8ge Notre-Dame des Anges","isPartOf":{"@id":"https:\/\/collegetroisvallees.be\/notredamedesanges\/#website"},"primaryImageOfPage":{"@id":"https:\/\/collegetroisvallees.be\/notredamedesanges\/partenaires\/#primaryimage"},"image":{"@id":"https:\/\/collegetroisvallees.be\/notredamedesanges\/partenaires\/#primaryimage"},"thumbnailUrl":"https:\/\/collegetroisvallees.be\/notredamedesanges\/wp-content\/uploads\/2023\/03\/segec-fesec.png","datePublished":"2022-12-27T14:44:07+00:00","dateModified":"2025-07-03T09:39:28+00:00","description":"Partenariats entre le Coll\u00e8ge Notre-Dame des Anges et des institutions ou ASBL afin d'aider le coll\u00e8ge \u00e0 s'\u00e9manciper.","breadcrumb":{"@id":"https:\/\/collegetroisvallees.be\/notredamedesanges\/partenaires\/#breadcrumb"},"inLanguage":"fr-FR","potentialAction":[{"@type":"ReadAction","target":["https:\/\/collegetroisvallees.be\/notredamedesanges\/partenaires\/"]}]},{"@type":"ImageObject","inLanguage":"fr-FR","@id":"https:\/\/collegetroisvallees.be\/notredamedesanges\/partenaires\/#primaryimage","url":"https:\/\/collegetroisvallees.be\/notredamedesanges\/wp-content\/uploads\/2023\/03\/segec-fesec.png","contentUrl":"https:\/\/collegetroisvallees.be\/notredamedesanges\/wp-content\/uploads\/2023\/03\/segec-fesec.png","width":292,"height":173},{"@type":"BreadcrumbList","@id":"https:\/\/collegetroisvallees.be\/notredamedesanges\/partenaires\/#breadcrumb","itemListElement":[{"@type":"ListItem","position":1,"name":"Accueil","item":"https:\/\/collegetroisvallees.be\/notredamedesanges\/"},{"@type":"ListItem","position":2,"name":"Partenaires"}]},{"@type":"WebSite","@id":"https:\/\/collegetroisvallees.be\/notredamedesanges\/#website","url":"https:\/\/collegetroisvallees.be\/notredamedesanges\/","name":"Notre-Dame des Anges","description":"","potentialAction":[{"@type":"SearchAction","target":{"@type":"EntryPoint","urlTemplate":"https:\/\/collegetroisvallees.be\/notredamedesanges\/?s={search_term_string}"},"query-input":{"@type":"PropertyValueSpecification","valueRequired":true,"valueName":"search_term_string"}}],"inLanguage":"fr-FR"}]}},"_links":{"self":[{"href":"https:\/\/collegetroisvallees.be\/notredamedesanges\/wp-json\/wp\/v2\/pages\/19","targetHints":{"allow":["GET"]}}],"collection":[{"href":"https:\/\/collegetroisvallees.be\/notredamedesanges\/wp-json\/wp\/v2\/pages"}],"about":[{"href":"https:\/\/collegetroisvallees.be\/notredamedesanges\/wp-json\/wp\/v2\/types\/page"}],"author":[{"embeddable":true,"href":"https:\/\/collegetroisvallees.be\/notredamedesanges\/wp-json\/wp\/v2\/users\/1"}],"replies":[{"embeddable":true,"href":"https:\/\/collegetroisvallees.be\/notredamedesanges\/wp-json\/wp\/v2\/comments?post=19"}],"version-history":[{"count":84,"href":"https:\/\/collegetroisvallees.be\/notredamedesanges\/wp-json\/wp\/v2\/pages\/19\/revisions"}],"predecessor-version":[{"id":10744,"href":"https:\/\/collegetroisvallees.be\/notredamedesanges\/wp-json\/wp\/v2\/pages\/19\/revisions\/10744"}],"wp:attachment":[{"href":"https:\/\/collegetroisvallees.be\/notredamedesanges\/wp-json\/wp\/v2\/media?parent=19"}],"curies":[{"name":"wp","href":"https:\/\/api.w.org\/{rel}","templated":true}]}}