{"id":33,"date":"2022-12-27T14:46:12","date_gmt":"2022-12-27T14:46:12","guid":{"rendered":"https:\/\/collegetroisvallees.be\/notredamedesanges\/?page_id=33"},"modified":"2025-01-28T12:58:58","modified_gmt":"2025-01-28T12:58:58","slug":"responsabilite","status":"publish","type":"page","link":"https:\/\/collegetroisvallees.be\/notredamedesanges\/responsabilite\/","title":{"rendered":"Responsabilit\u00e9"},"content":{"rendered":"\t\t<div data-elementor-type=\"wp-page\" data-elementor-id=\"33\" class=\"elementor elementor-33\">\n\t\t\t\t\t\t<section class=\"elementor-section elementor-top-section elementor-element elementor-element-1cd55405 elementor-section-boxed elementor-section-height-default elementor-section-height-default\" data-id=\"1cd55405\" data-element_type=\"section\" data-e-type=\"section\">\n\t\t\t\t\t\t<div class=\"elementor-container elementor-column-gap-default\">\n\t\t\t\t\t<div class=\"elementor-column elementor-col-100 elementor-top-column elementor-element elementor-element-372fd5fa\" data-id=\"372fd5fa\" data-element_type=\"column\" data-e-type=\"column\">\n\t\t\t<div class=\"elementor-widget-wrap elementor-element-populated\">\n\t\t\t\t\t\t<div class=\"elementor-element elementor-element-4641add4 elementor-widget elementor-widget-spacer\" data-id=\"4641add4\" data-element_type=\"widget\" data-e-type=\"widget\" data-widget_type=\"spacer.default\">\n\t\t\t\t<div class=\"elementor-widget-container\">\n\t\t\t\t\t\t\t<div class=\"elementor-spacer\">\n\t\t\t<div class=\"elementor-spacer-inner\"><\/div>\n\t\t<\/div>\n\t\t\t\t\t\t<\/div>\n\t\t\t\t<\/div>\n\t\t\t\t\t<\/div>\n\t\t<\/div>\n\t\t\t\t\t<\/div>\n\t\t<\/section>\n\t\t\t\t<section class=\"elementor-section elementor-top-section elementor-element elementor-element-89dfb21 elementor-section-boxed elementor-section-height-default elementor-section-height-default\" data-id=\"89dfb21\" data-element_type=\"section\" data-e-type=\"section\">\n\t\t\t\t\t\t<div class=\"elementor-container elementor-column-gap-default\">\n\t\t\t\t\t<div class=\"elementor-column elementor-col-100 elementor-top-column elementor-element elementor-element-64666cb\" data-id=\"64666cb\" data-element_type=\"column\" data-e-type=\"column\">\n\t\t\t<div class=\"elementor-widget-wrap elementor-element-populated\">\n\t\t\t\t\t\t<div class=\"elementor-element elementor-element-ef27913 animated-slow elementor-invisible elementor-widget elementor-widget-heading\" data-id=\"ef27913\" data-element_type=\"widget\" data-e-type=\"widget\" data-settings=\"{&quot;_animation&quot;:&quot;fadeIn&quot;}\" data-widget_type=\"heading.default\">\n\t\t\t\t<div class=\"elementor-widget-container\">\n\t\t\t\t\t<h1 class=\"elementor-heading-title elementor-size-default\">Clause d\u2019exon\u00e9ration de responsabilit\u00e9<\/h1>\t\t\t\t<\/div>\n\t\t\t\t<\/div>\n\t\t\t\t\t<\/div>\n\t\t<\/div>\n\t\t\t\t\t<\/div>\n\t\t<\/section>\n\t\t\t\t<section class=\"elementor-section elementor-top-section elementor-element elementor-element-d1508f3 elementor-section-boxed elementor-section-height-default elementor-section-height-default\" data-id=\"d1508f3\" data-element_type=\"section\" data-e-type=\"section\">\n\t\t\t\t\t\t<div class=\"elementor-container elementor-column-gap-default\">\n\t\t\t\t\t<div class=\"elementor-column elementor-col-100 elementor-top-column elementor-element elementor-element-7d9bf01\" data-id=\"7d9bf01\" data-element_type=\"column\" data-e-type=\"column\">\n\t\t\t<div class=\"elementor-widget-wrap elementor-element-populated\">\n\t\t\t\t\t\t<div class=\"elementor-element elementor-element-d082a74 elementor-widget elementor-widget-text-editor\" data-id=\"d082a74\" data-element_type=\"widget\" data-e-type=\"widget\" data-widget_type=\"text-editor.default\">\n\t\t\t\t<div class=\"elementor-widget-container\">\n\t\t\t\t\t\t\t\t\t<div class=\"page\" title=\"Page 44\"><div class=\"section\"><div class=\"layoutArea\"><div class=\"column\"><p>Le Colle\u0300ge Notre-Dame des Trois Valle\u0301es de\u0301cline toute responsabilite\u0301 pour les dommages directs ou indirects re\u0301sultant de la consultation ou de l\u2019utilisation des renseignements, avis ou opinions contenus dans le pre\u0301sent courriel.<\/p><p>Le destinataire est averti que le contenu de ce courrier peut ne repre\u0301senter que l&rsquo;opinion ou l&rsquo;avis de son expe\u0301diteur et non celui du Colle\u0300ge Notre-Dame des Trois Valle\u0301es. Quoi qu\u2019il en soit, seul le document du\u0302ment signe\u0301 par la personne habilite\u0301e, engage le Colle\u0300ge Notre-Dame des Trois Valle\u0301es.<\/p><p>Tout contenu a\u0300 caracte\u0300re raciste ou incitant a\u0300 la haine ou discrimination, injurieux, calomnieux ou diffamatoire, contraire a\u0300 la le\u0301gislation sur la vie prive\u0301e ou sur la proprie\u0301te\u0301 intellectuelle ainsi qu\u2019a\u0300 toute autre disposition le\u0301gale est conside\u0301re\u0301 comme contraire aux pratiques du Colle\u0300ge Notre-Dame des Trois Valle\u0301es Le Colle\u0300ge Notre-Dame des Trois Valle\u0301es ne peut e\u0302tre tenu responsable des dommages directs ou indirects qui pourraient re\u0301sulter de l\u2019usage des sites vers lesquels un hyperlien est e\u0301tabli et sur lesquels il n\u2019a aucun contro\u0302le. L\u2019insertion par l\u2019e\u0301metteur de liens vers d\u2019autres sites ne signifie nullement que le Colle\u0300ge Notre-Dame des Trois Valle\u0301es cautionne ces sites ou leur contenu. L&rsquo;information et tous les fichiers e\u0301ventuellement attache\u0301s que contient ce courrier e\u0301lectronique sont a\u0300 l&rsquo;usage exclusif du(es) destinataire(s) qui portera la responsabilite\u0301 des copies et retransmission qu&rsquo;il en ferait. Ces informations peuvent e\u0302tre confidentielles et doivent alors e\u0302tre traite\u0301es comme telles. Le contenu de ce courrier e\u0301lectronique, est prote\u0301ge\u0301 par la loi.<\/p>Ainsi, si vous n&rsquo;en e\u0302tes pas le destinataire, toute divulgation, reproduction ou usage sont strictement interdits. Si vous avez rec\u0327u ce message par erreur, veuillez en informer l\u2019expe\u0301diteur et proce\u0301der a\u0300 sa suppression.<\/div><\/div><\/div><\/div>\t\t\t\t\t\t\t\t<\/div>\n\t\t\t\t<\/div>\n\t\t\t\t\t<\/div>\n\t\t<\/div>\n\t\t\t\t\t<\/div>\n\t\t<\/section>\n\t\t\t\t<\/div>\n\t\t","protected":false},"excerpt":{"rendered":"<p>Clause d\u2019exon\u00e9ration de responsabilit\u00e9 Le Colle\u0300ge Notre-Dame des Trois Valle\u0301es de\u0301cline toute responsabilite\u0301 pour les dommages directs ou indirects re\u0301sultant de la consultation ou de l\u2019utilisation des renseignements, avis ou opinions contenus dans le pre\u0301sent courriel. Le destinataire est averti que le contenu de ce courrier peut ne repre\u0301senter que l&rsquo;opinion ou l&rsquo;avis de son [&hellip;]<\/p>\n","protected":false},"author":1,"featured_media":0,"parent":0,"menu_order":0,"comment_status":"closed","ping_status":"closed","template":"","meta":{"site-sidebar-layout":"no-sidebar","site-content-layout":"page-builder","ast-site-content-layout":"default","site-content-style":"default","site-sidebar-style":"default","ast-global-header-display":"","ast-banner-title-visibility":"","ast-main-header-display":"","ast-hfb-above-header-display":"","ast-hfb-below-header-display":"","ast-hfb-mobile-header-display":"","site-post-title":"disabled","ast-breadcrumbs-content":"","ast-featured-img":"disabled","footer-sml-layout":"","ast-disable-related-posts":"","theme-transparent-header-meta":"","adv-header-id-meta":"","stick-header-meta":"","header-above-stick-meta":"","header-main-stick-meta":"","header-below-stick-meta":"","astra-migrate-meta-layouts":"default","ast-page-background-enabled":"default","ast-page-background-meta":{"desktop":{"background-color":"var(--ast-global-color-4)","background-image":"","background-repeat":"repeat","background-position":"center center","background-size":"auto","background-attachment":"scroll","background-type":"","background-media":"","overlay-type":"","overlay-color":"","overlay-opacity":"","overlay-gradient":""},"tablet":{"background-color":"","background-image":"","background-repeat":"repeat","background-position":"center center","background-size":"auto","background-attachment":"scroll","background-type":"","background-media":"","overlay-type":"","overlay-color":"","overlay-opacity":"","overlay-gradient":""},"mobile":{"background-color":"","background-image":"","background-repeat":"repeat","background-position":"center center","background-size":"auto","background-attachment":"scroll","background-type":"","background-media":"","overlay-type":"","overlay-color":"","overlay-opacity":"","overlay-gradient":""}},"ast-content-background-meta":{"desktop":{"background-color":"var(--ast-global-color-5)","background-image":"","background-repeat":"repeat","background-position":"center center","background-size":"auto","background-attachment":"scroll","background-type":"","background-media":"","overlay-type":"","overlay-color":"","overlay-opacity":"","overlay-gradient":""},"tablet":{"background-color":"var(--ast-global-color-5)","background-image":"","background-repeat":"repeat","background-position":"center center","background-size":"auto","background-attachment":"scroll","background-type":"","background-media":"","overlay-type":"","overlay-color":"","overlay-opacity":"","overlay-gradient":""},"mobile":{"background-color":"var(--ast-global-color-5)","background-image":"","background-repeat":"repeat","background-position":"center center","background-size":"auto","background-attachment":"scroll","background-type":"","background-media":"","overlay-type":"","overlay-color":"","overlay-opacity":"","overlay-gradient":""}},"footnotes":""},"class_list":["post-33","page","type-page","status-publish","hentry"],"yoast_head":"<!-- This site is optimized with the Yoast SEO plugin v27.5 - https:\/\/yoast.com\/product\/yoast-seo-wordpress\/ -->\n<title>CLAUSE D\u2019EXON\u00c9RATION DE RESPONSABILIT\u00c9<\/title>\n<meta name=\"description\" content=\"La clause d&#039;exon\u00e9ration de responsabilit\u00e9 d\u00e9charge le Coll\u00e8ge Notre-Dame des Anges sur les diff\u00e9rents contenus.\" \/>\n<meta name=\"robots\" content=\"index, follow, max-snippet:-1, max-image-preview:large, max-video-preview:-1\" \/>\n<link rel=\"canonical\" href=\"https:\/\/collegetroisvallees.be\/notredamedesanges\/responsabilite\/\" \/>\n<meta property=\"og:locale\" content=\"fr_FR\" \/>\n<meta property=\"og:type\" content=\"article\" \/>\n<meta property=\"og:title\" content=\"CLAUSE D\u2019EXON\u00c9RATION DE RESPONSABILIT\u00c9\" \/>\n<meta property=\"og:description\" content=\"La clause d&#039;exon\u00e9ration de responsabilit\u00e9 d\u00e9charge le Coll\u00e8ge Notre-Dame des Anges sur les diff\u00e9rents contenus.\" \/>\n<meta property=\"og:url\" content=\"https:\/\/collegetroisvallees.be\/notredamedesanges\/responsabilite\/\" \/>\n<meta property=\"og:site_name\" content=\"Notre-Dame des Anges\" \/>\n<meta property=\"article:publisher\" content=\"https:\/\/www.facebook.com\/profile.php?id=100048287660729\" \/>\n<meta property=\"article:modified_time\" content=\"2025-01-28T12:58:58+00:00\" \/>\n<meta property=\"og:image\" content=\"https:\/\/collegetroisvallees.be\/notredamedesanges\/wp-content\/uploads\/2023\/03\/cropped-Logo_CND3V.png\" \/>\n\t<meta property=\"og:image:width\" content=\"800\" \/>\n\t<meta property=\"og:image:height\" content=\"260\" \/>\n\t<meta property=\"og:image:type\" content=\"image\/png\" \/>\n<meta name=\"twitter:card\" content=\"summary_large_image\" \/>\n<meta name=\"twitter:label1\" content=\"Dur\u00e9e de lecture estim\u00e9e\" \/>\n\t<meta name=\"twitter:data1\" content=\"2 minutes\" \/>\n<script type=\"application\/ld+json\" class=\"yoast-schema-graph\">{\"@context\":\"https:\\\/\\\/schema.org\",\"@graph\":[{\"@type\":\"WebPage\",\"@id\":\"https:\\\/\\\/collegetroisvallees.be\\\/notredamedesanges\\\/responsabilite\\\/\",\"url\":\"https:\\\/\\\/collegetroisvallees.be\\\/notredamedesanges\\\/responsabilite\\\/\",\"name\":\"CLAUSE D\u2019EXON\u00c9RATION DE RESPONSABILIT\u00c9\",\"isPartOf\":{\"@id\":\"https:\\\/\\\/collegetroisvallees.be\\\/notredamedesanges\\\/#website\"},\"datePublished\":\"2022-12-27T14:46:12+00:00\",\"dateModified\":\"2025-01-28T12:58:58+00:00\",\"description\":\"La clause d'exon\u00e9ration de responsabilit\u00e9 d\u00e9charge le Coll\u00e8ge Notre-Dame des Anges sur les diff\u00e9rents contenus.\",\"breadcrumb\":{\"@id\":\"https:\\\/\\\/collegetroisvallees.be\\\/notredamedesanges\\\/responsabilite\\\/#breadcrumb\"},\"inLanguage\":\"fr-FR\",\"potentialAction\":[{\"@type\":\"ReadAction\",\"target\":[\"https:\\\/\\\/collegetroisvallees.be\\\/notredamedesanges\\\/responsabilite\\\/\"]}]},{\"@type\":\"BreadcrumbList\",\"@id\":\"https:\\\/\\\/collegetroisvallees.be\\\/notredamedesanges\\\/responsabilite\\\/#breadcrumb\",\"itemListElement\":[{\"@type\":\"ListItem\",\"position\":1,\"name\":\"Accueil\",\"item\":\"https:\\\/\\\/collegetroisvallees.be\\\/notredamedesanges\\\/\"},{\"@type\":\"ListItem\",\"position\":2,\"name\":\"Responsabilit\u00e9\"}]},{\"@type\":\"WebSite\",\"@id\":\"https:\\\/\\\/collegetroisvallees.be\\\/notredamedesanges\\\/#website\",\"url\":\"https:\\\/\\\/collegetroisvallees.be\\\/notredamedesanges\\\/\",\"name\":\"Notre-Dame des Anges\",\"description\":\"\",\"potentialAction\":[{\"@type\":\"SearchAction\",\"target\":{\"@type\":\"EntryPoint\",\"urlTemplate\":\"https:\\\/\\\/collegetroisvallees.be\\\/notredamedesanges\\\/?s={search_term_string}\"},\"query-input\":{\"@type\":\"PropertyValueSpecification\",\"valueRequired\":true,\"valueName\":\"search_term_string\"}}],\"inLanguage\":\"fr-FR\"}]}<\/script>\n<!-- \/ Yoast SEO plugin. -->","yoast_head_json":{"title":"CLAUSE D\u2019EXON\u00c9RATION DE RESPONSABILIT\u00c9","description":"La clause d'exon\u00e9ration de responsabilit\u00e9 d\u00e9charge le Coll\u00e8ge Notre-Dame des Anges sur les diff\u00e9rents contenus.","robots":{"index":"index","follow":"follow","max-snippet":"max-snippet:-1","max-image-preview":"max-image-preview:large","max-video-preview":"max-video-preview:-1"},"canonical":"https:\/\/collegetroisvallees.be\/notredamedesanges\/responsabilite\/","og_locale":"fr_FR","og_type":"article","og_title":"CLAUSE D\u2019EXON\u00c9RATION DE RESPONSABILIT\u00c9","og_description":"La clause d'exon\u00e9ration de responsabilit\u00e9 d\u00e9charge le Coll\u00e8ge Notre-Dame des Anges sur les diff\u00e9rents contenus.","og_url":"https:\/\/collegetroisvallees.be\/notredamedesanges\/responsabilite\/","og_site_name":"Notre-Dame des Anges","article_publisher":"https:\/\/www.facebook.com\/profile.php?id=100048287660729","article_modified_time":"2025-01-28T12:58:58+00:00","og_image":[{"width":800,"height":260,"url":"https:\/\/collegetroisvallees.be\/notredamedesanges\/wp-content\/uploads\/2023\/03\/cropped-Logo_CND3V.png","type":"image\/png"}],"twitter_card":"summary_large_image","twitter_misc":{"Dur\u00e9e de lecture estim\u00e9e":"2 minutes"},"schema":{"@context":"https:\/\/schema.org","@graph":[{"@type":"WebPage","@id":"https:\/\/collegetroisvallees.be\/notredamedesanges\/responsabilite\/","url":"https:\/\/collegetroisvallees.be\/notredamedesanges\/responsabilite\/","name":"CLAUSE D\u2019EXON\u00c9RATION DE RESPONSABILIT\u00c9","isPartOf":{"@id":"https:\/\/collegetroisvallees.be\/notredamedesanges\/#website"},"datePublished":"2022-12-27T14:46:12+00:00","dateModified":"2025-01-28T12:58:58+00:00","description":"La clause d'exon\u00e9ration de responsabilit\u00e9 d\u00e9charge le Coll\u00e8ge Notre-Dame des Anges sur les diff\u00e9rents contenus.","breadcrumb":{"@id":"https:\/\/collegetroisvallees.be\/notredamedesanges\/responsabilite\/#breadcrumb"},"inLanguage":"fr-FR","potentialAction":[{"@type":"ReadAction","target":["https:\/\/collegetroisvallees.be\/notredamedesanges\/responsabilite\/"]}]},{"@type":"BreadcrumbList","@id":"https:\/\/collegetroisvallees.be\/notredamedesanges\/responsabilite\/#breadcrumb","itemListElement":[{"@type":"ListItem","position":1,"name":"Accueil","item":"https:\/\/collegetroisvallees.be\/notredamedesanges\/"},{"@type":"ListItem","position":2,"name":"Responsabilit\u00e9"}]},{"@type":"WebSite","@id":"https:\/\/collegetroisvallees.be\/notredamedesanges\/#website","url":"https:\/\/collegetroisvallees.be\/notredamedesanges\/","name":"Notre-Dame des Anges","description":"","potentialAction":[{"@type":"SearchAction","target":{"@type":"EntryPoint","urlTemplate":"https:\/\/collegetroisvallees.be\/notredamedesanges\/?s={search_term_string}"},"query-input":{"@type":"PropertyValueSpecification","valueRequired":true,"valueName":"search_term_string"}}],"inLanguage":"fr-FR"}]}},"_links":{"self":[{"href":"https:\/\/collegetroisvallees.be\/notredamedesanges\/wp-json\/wp\/v2\/pages\/33","targetHints":{"allow":["GET"]}}],"collection":[{"href":"https:\/\/collegetroisvallees.be\/notredamedesanges\/wp-json\/wp\/v2\/pages"}],"about":[{"href":"https:\/\/collegetroisvallees.be\/notredamedesanges\/wp-json\/wp\/v2\/types\/page"}],"author":[{"embeddable":true,"href":"https:\/\/collegetroisvallees.be\/notredamedesanges\/wp-json\/wp\/v2\/users\/1"}],"replies":[{"embeddable":true,"href":"https:\/\/collegetroisvallees.be\/notredamedesanges\/wp-json\/wp\/v2\/comments?post=33"}],"version-history":[{"count":62,"href":"https:\/\/collegetroisvallees.be\/notredamedesanges\/wp-json\/wp\/v2\/pages\/33\/revisions"}],"predecessor-version":[{"id":10582,"href":"https:\/\/collegetroisvallees.be\/notredamedesanges\/wp-json\/wp\/v2\/pages\/33\/revisions\/10582"}],"wp:attachment":[{"href":"https:\/\/collegetroisvallees.be\/notredamedesanges\/wp-json\/wp\/v2\/media?parent=33"}],"curies":[{"name":"wp","href":"https:\/\/api.w.org\/{rel}","templated":true}]}}