{"id":47,"date":"2022-12-27T14:47:28","date_gmt":"2022-12-27T14:47:28","guid":{"rendered":"https:\/\/collegetroisvallees.be\/notredamedesanges\/?page_id=47"},"modified":"2025-01-28T12:53:50","modified_gmt":"2025-01-28T12:53:50","slug":"agenda","status":"publish","type":"page","link":"https:\/\/collegetroisvallees.be\/notredamedesanges\/agenda\/","title":{"rendered":"Agenda"},"content":{"rendered":"\t\t<div data-elementor-type=\"wp-page\" data-elementor-id=\"47\" class=\"elementor elementor-47\">\n\t\t\t\t\t\t<section class=\"elementor-section elementor-top-section elementor-element elementor-element-5d114cb1 elementor-section-boxed elementor-section-height-default elementor-section-height-default\" data-id=\"5d114cb1\" data-element_type=\"section\" data-e-type=\"section\">\n\t\t\t\t\t\t<div class=\"elementor-container elementor-column-gap-default\">\n\t\t\t\t\t<div class=\"elementor-column elementor-col-100 elementor-top-column elementor-element elementor-element-27f48f47\" data-id=\"27f48f47\" data-element_type=\"column\" data-e-type=\"column\">\n\t\t\t<div class=\"elementor-widget-wrap elementor-element-populated\">\n\t\t\t\t\t\t<div class=\"elementor-element elementor-element-14cb5889 elementor-widget elementor-widget-spacer\" data-id=\"14cb5889\" data-element_type=\"widget\" data-e-type=\"widget\" data-widget_type=\"spacer.default\">\n\t\t\t\t<div class=\"elementor-widget-container\">\n\t\t\t\t\t\t\t<div class=\"elementor-spacer\">\n\t\t\t<div class=\"elementor-spacer-inner\"><\/div>\n\t\t<\/div>\n\t\t\t\t\t\t<\/div>\n\t\t\t\t<\/div>\n\t\t\t\t\t<\/div>\n\t\t<\/div>\n\t\t\t\t\t<\/div>\n\t\t<\/section>\n\t\t\t\t<section class=\"elementor-section elementor-top-section elementor-element elementor-element-e5a273a elementor-section-boxed elementor-section-height-default elementor-section-height-default\" data-id=\"e5a273a\" data-element_type=\"section\" data-e-type=\"section\" data-settings=\"{&quot;background_background&quot;:&quot;classic&quot;}\">\n\t\t\t\t\t\t\t<div class=\"elementor-background-overlay\"><\/div>\n\t\t\t\t\t\t\t<div class=\"elementor-container elementor-column-gap-default\">\n\t\t\t\t\t<div class=\"elementor-column elementor-col-100 elementor-top-column elementor-element elementor-element-bcecb50\" data-id=\"bcecb50\" data-element_type=\"column\" data-e-type=\"column\">\n\t\t\t<div class=\"elementor-widget-wrap elementor-element-populated\">\n\t\t\t\t\t\t<section class=\"elementor-section elementor-inner-section elementor-element elementor-element-3188b5c elementor-section-boxed elementor-section-height-default elementor-section-height-default\" data-id=\"3188b5c\" data-element_type=\"section\" data-e-type=\"section\">\n\t\t\t\t\t\t<div class=\"elementor-container elementor-column-gap-default\">\n\t\t\t\t\t<div class=\"elementor-column elementor-col-100 elementor-inner-column elementor-element elementor-element-efb8882\" data-id=\"efb8882\" data-element_type=\"column\" data-e-type=\"column\">\n\t\t\t<div class=\"elementor-widget-wrap elementor-element-populated\">\n\t\t\t\t\t\t<div class=\"elementor-element elementor-element-5b60086 elementor-invisible elementor-widget elementor-widget-heading\" data-id=\"5b60086\" data-element_type=\"widget\" data-e-type=\"widget\" data-settings=\"{&quot;_animation&quot;:&quot;fadeIn&quot;}\" data-widget_type=\"heading.default\">\n\t\t\t\t<div class=\"elementor-widget-container\">\n\t\t\t\t\t<h1 class=\"elementor-heading-title elementor-size-default\">Agenda<\/h1>\t\t\t\t<\/div>\n\t\t\t\t<\/div>\n\t\t\t\t\t<\/div>\n\t\t<\/div>\n\t\t\t\t\t<\/div>\n\t\t<\/section>\n\t\t\t\t<section class=\"elementor-section elementor-inner-section elementor-element elementor-element-68d58b5 elementor-section-boxed elementor-section-height-default elementor-section-height-default\" data-id=\"68d58b5\" data-element_type=\"section\" data-e-type=\"section\">\n\t\t\t\t\t\t<div class=\"elementor-container elementor-column-gap-default\">\n\t\t\t\t\t<div class=\"elementor-column elementor-col-100 elementor-inner-column elementor-element elementor-element-bcc2de7\" data-id=\"bcc2de7\" data-element_type=\"column\" data-e-type=\"column\" data-settings=\"{&quot;background_background&quot;:&quot;classic&quot;}\">\n\t\t\t<div class=\"elementor-widget-wrap elementor-element-populated\">\n\t\t\t\t\t\t<div class=\"elementor-element elementor-element-55e1289 elementor-widget elementor-widget-html\" data-id=\"55e1289\" data-element_type=\"widget\" data-e-type=\"widget\" data-widget_type=\"html.default\">\n\t\t\t\t<div class=\"elementor-widget-container\">\n\t\t\t\t\t<iframe src=\"https:\/\/outlook.office365.com\/calendar\/published\/107d9da062064f119947a1bdc05d92a3@cnd3v.be\/4559fcd2a0054c3085d30524f88379c65465646931130430797\/calendar.html\" width=\"100%\" height=\"900\"><\/iframe>\t\t\t\t<\/div>\n\t\t\t\t<\/div>\n\t\t\t\t\t<\/div>\n\t\t<\/div>\n\t\t\t\t\t<\/div>\n\t\t<\/section>\n\t\t\t\t\t<\/div>\n\t\t<\/div>\n\t\t\t\t\t<\/div>\n\t\t<\/section>\n\t\t\t\t<\/div>\n\t\t","protected":false},"excerpt":{"rendered":"<p>Agenda<\/p>\n","protected":false},"author":1,"featured_media":0,"parent":0,"menu_order":0,"comment_status":"closed","ping_status":"closed","template":"","meta":{"site-sidebar-layout":"no-sidebar","site-content-layout":"page-builder","ast-site-content-layout":"default","site-content-style":"default","site-sidebar-style":"default","ast-global-header-display":"","ast-banner-title-visibility":"","ast-main-header-display":"","ast-hfb-above-header-display":"","ast-hfb-below-header-display":"","ast-hfb-mobile-header-display":"","site-post-title":"disabled","ast-breadcrumbs-content":"","ast-featured-img":"disabled","footer-sml-layout":"","ast-disable-related-posts":"","theme-transparent-header-meta":"","adv-header-id-meta":"","stick-header-meta":"","header-above-stick-meta":"","header-main-stick-meta":"","header-below-stick-meta":"","astra-migrate-meta-layouts":"default","ast-page-background-enabled":"default","ast-page-background-meta":{"desktop":{"background-color":"var(--ast-global-color-4)","background-image":"","background-repeat":"repeat","background-position":"center center","background-size":"auto","background-attachment":"scroll","background-type":"","background-media":"","overlay-type":"","overlay-color":"","overlay-opacity":"","overlay-gradient":""},"tablet":{"background-color":"","background-image":"","background-repeat":"repeat","background-position":"center center","background-size":"auto","background-attachment":"scroll","background-type":"","background-media":"","overlay-type":"","overlay-color":"","overlay-opacity":"","overlay-gradient":""},"mobile":{"background-color":"","background-image":"","background-repeat":"repeat","background-position":"center center","background-size":"auto","background-attachment":"scroll","background-type":"","background-media":"","overlay-type":"","overlay-color":"","overlay-opacity":"","overlay-gradient":""}},"ast-content-background-meta":{"desktop":{"background-color":"var(--ast-global-color-5)","background-image":"","background-repeat":"repeat","background-position":"center center","background-size":"auto","background-attachment":"scroll","background-type":"","background-media":"","overlay-type":"","overlay-color":"","overlay-opacity":"","overlay-gradient":""},"tablet":{"background-color":"var(--ast-global-color-5)","background-image":"","background-repeat":"repeat","background-position":"center center","background-size":"auto","background-attachment":"scroll","background-type":"","background-media":"","overlay-type":"","overlay-color":"","overlay-opacity":"","overlay-gradient":""},"mobile":{"background-color":"var(--ast-global-color-5)","background-image":"","background-repeat":"repeat","background-position":"center center","background-size":"auto","background-attachment":"scroll","background-type":"","background-media":"","overlay-type":"","overlay-color":"","overlay-opacity":"","overlay-gradient":""}},"footnotes":""},"class_list":["post-47","page","type-page","status-publish","hentry"],"yoast_head":"<!-- This site is optimized with the Yoast SEO plugin v27.5 - https:\/\/yoast.com\/product\/yoast-seo-wordpress\/ -->\n<title>Agenda du Coll\u00e8ge Notre-Dame des Anges<\/title>\n<meta name=\"description\" content=\"Agenda du Coll\u00e8ge Notre-Dame des Anges donne toutes les informations sur la vie au coll\u00e8ge. Destin\u00e9 aux parents, \u00e9l\u00e8ves et professeurs.\" \/>\n<meta name=\"robots\" content=\"index, follow, max-snippet:-1, max-image-preview:large, max-video-preview:-1\" \/>\n<link rel=\"canonical\" href=\"https:\/\/collegetroisvallees.be\/notredamedesanges\/agenda\/\" \/>\n<meta property=\"og:locale\" content=\"fr_FR\" \/>\n<meta property=\"og:type\" content=\"article\" \/>\n<meta property=\"og:title\" content=\"Coll\u00e8ge Notre-Dame des Anges\" \/>\n<meta property=\"og:description\" content=\"Situ\u00e9 \u00e0 Genval en Brabant wallon, ce coll\u00e8ge familial propose une fili\u00e8re francophone et une immersion en n\u00e9erlandais.\" \/>\n<meta property=\"og:url\" content=\"https:\/\/collegetroisvallees.be\/notredamedesanges\/agenda\/\" \/>\n<meta property=\"og:site_name\" content=\"Notre-Dame des Anges\" \/>\n<meta property=\"article:publisher\" content=\"https:\/\/www.facebook.com\/profile.php?id=100048287660729\" \/>\n<meta property=\"article:modified_time\" content=\"2025-01-28T12:53:50+00:00\" \/>\n<meta property=\"og:image\" content=\"https:\/\/collegetroisvallees.be\/notredamedesanges\/wp-content\/uploads\/2023\/03\/cropped-Logo_CND3V.png\" \/>\n\t<meta property=\"og:image:width\" content=\"800\" \/>\n\t<meta property=\"og:image:height\" content=\"260\" \/>\n\t<meta property=\"og:image:type\" content=\"image\/png\" \/>\n<meta name=\"twitter:card\" content=\"summary_large_image\" \/>\n<meta name=\"twitter:label1\" content=\"Dur\u00e9e de lecture estim\u00e9e\" \/>\n\t<meta name=\"twitter:data1\" content=\"1 minute\" \/>\n<script type=\"application\/ld+json\" class=\"yoast-schema-graph\">{\"@context\":\"https:\\\/\\\/schema.org\",\"@graph\":[{\"@type\":\"WebPage\",\"@id\":\"https:\\\/\\\/collegetroisvallees.be\\\/notredamedesanges\\\/agenda\\\/\",\"url\":\"https:\\\/\\\/collegetroisvallees.be\\\/notredamedesanges\\\/agenda\\\/\",\"name\":\"Agenda du Coll\u00e8ge Notre-Dame des Anges\",\"isPartOf\":{\"@id\":\"https:\\\/\\\/collegetroisvallees.be\\\/notredamedesanges\\\/#website\"},\"datePublished\":\"2022-12-27T14:47:28+00:00\",\"dateModified\":\"2025-01-28T12:53:50+00:00\",\"description\":\"Agenda du Coll\u00e8ge Notre-Dame des Anges donne toutes les informations sur la vie au coll\u00e8ge. Destin\u00e9 aux parents, \u00e9l\u00e8ves et professeurs.\",\"breadcrumb\":{\"@id\":\"https:\\\/\\\/collegetroisvallees.be\\\/notredamedesanges\\\/agenda\\\/#breadcrumb\"},\"inLanguage\":\"fr-FR\",\"potentialAction\":[{\"@type\":\"ReadAction\",\"target\":[\"https:\\\/\\\/collegetroisvallees.be\\\/notredamedesanges\\\/agenda\\\/\"]}]},{\"@type\":\"BreadcrumbList\",\"@id\":\"https:\\\/\\\/collegetroisvallees.be\\\/notredamedesanges\\\/agenda\\\/#breadcrumb\",\"itemListElement\":[{\"@type\":\"ListItem\",\"position\":1,\"name\":\"Accueil\",\"item\":\"https:\\\/\\\/collegetroisvallees.be\\\/notredamedesanges\\\/\"},{\"@type\":\"ListItem\",\"position\":2,\"name\":\"Agenda\"}]},{\"@type\":\"WebSite\",\"@id\":\"https:\\\/\\\/collegetroisvallees.be\\\/notredamedesanges\\\/#website\",\"url\":\"https:\\\/\\\/collegetroisvallees.be\\\/notredamedesanges\\\/\",\"name\":\"Notre-Dame des Anges\",\"description\":\"\",\"potentialAction\":[{\"@type\":\"SearchAction\",\"target\":{\"@type\":\"EntryPoint\",\"urlTemplate\":\"https:\\\/\\\/collegetroisvallees.be\\\/notredamedesanges\\\/?s={search_term_string}\"},\"query-input\":{\"@type\":\"PropertyValueSpecification\",\"valueRequired\":true,\"valueName\":\"search_term_string\"}}],\"inLanguage\":\"fr-FR\"}]}<\/script>\n<!-- \/ Yoast SEO plugin. -->","yoast_head_json":{"title":"Agenda du Coll\u00e8ge Notre-Dame des Anges","description":"Agenda du Coll\u00e8ge Notre-Dame des Anges donne toutes les informations sur la vie au coll\u00e8ge. Destin\u00e9 aux parents, \u00e9l\u00e8ves et professeurs.","robots":{"index":"index","follow":"follow","max-snippet":"max-snippet:-1","max-image-preview":"max-image-preview:large","max-video-preview":"max-video-preview:-1"},"canonical":"https:\/\/collegetroisvallees.be\/notredamedesanges\/agenda\/","og_locale":"fr_FR","og_type":"article","og_title":"Coll\u00e8ge Notre-Dame des Anges","og_description":"Situ\u00e9 \u00e0 Genval en Brabant wallon, ce coll\u00e8ge familial propose une fili\u00e8re francophone et une immersion en n\u00e9erlandais.","og_url":"https:\/\/collegetroisvallees.be\/notredamedesanges\/agenda\/","og_site_name":"Notre-Dame des Anges","article_publisher":"https:\/\/www.facebook.com\/profile.php?id=100048287660729","article_modified_time":"2025-01-28T12:53:50+00:00","og_image":[{"width":800,"height":260,"url":"https:\/\/collegetroisvallees.be\/notredamedesanges\/wp-content\/uploads\/2023\/03\/cropped-Logo_CND3V.png","type":"image\/png"}],"twitter_card":"summary_large_image","twitter_misc":{"Dur\u00e9e de lecture estim\u00e9e":"1 minute"},"schema":{"@context":"https:\/\/schema.org","@graph":[{"@type":"WebPage","@id":"https:\/\/collegetroisvallees.be\/notredamedesanges\/agenda\/","url":"https:\/\/collegetroisvallees.be\/notredamedesanges\/agenda\/","name":"Agenda du Coll\u00e8ge Notre-Dame des Anges","isPartOf":{"@id":"https:\/\/collegetroisvallees.be\/notredamedesanges\/#website"},"datePublished":"2022-12-27T14:47:28+00:00","dateModified":"2025-01-28T12:53:50+00:00","description":"Agenda du Coll\u00e8ge Notre-Dame des Anges donne toutes les informations sur la vie au coll\u00e8ge. Destin\u00e9 aux parents, \u00e9l\u00e8ves et professeurs.","breadcrumb":{"@id":"https:\/\/collegetroisvallees.be\/notredamedesanges\/agenda\/#breadcrumb"},"inLanguage":"fr-FR","potentialAction":[{"@type":"ReadAction","target":["https:\/\/collegetroisvallees.be\/notredamedesanges\/agenda\/"]}]},{"@type":"BreadcrumbList","@id":"https:\/\/collegetroisvallees.be\/notredamedesanges\/agenda\/#breadcrumb","itemListElement":[{"@type":"ListItem","position":1,"name":"Accueil","item":"https:\/\/collegetroisvallees.be\/notredamedesanges\/"},{"@type":"ListItem","position":2,"name":"Agenda"}]},{"@type":"WebSite","@id":"https:\/\/collegetroisvallees.be\/notredamedesanges\/#website","url":"https:\/\/collegetroisvallees.be\/notredamedesanges\/","name":"Notre-Dame des Anges","description":"","potentialAction":[{"@type":"SearchAction","target":{"@type":"EntryPoint","urlTemplate":"https:\/\/collegetroisvallees.be\/notredamedesanges\/?s={search_term_string}"},"query-input":{"@type":"PropertyValueSpecification","valueRequired":true,"valueName":"search_term_string"}}],"inLanguage":"fr-FR"}]}},"_links":{"self":[{"href":"https:\/\/collegetroisvallees.be\/notredamedesanges\/wp-json\/wp\/v2\/pages\/47","targetHints":{"allow":["GET"]}}],"collection":[{"href":"https:\/\/collegetroisvallees.be\/notredamedesanges\/wp-json\/wp\/v2\/pages"}],"about":[{"href":"https:\/\/collegetroisvallees.be\/notredamedesanges\/wp-json\/wp\/v2\/types\/page"}],"author":[{"embeddable":true,"href":"https:\/\/collegetroisvallees.be\/notredamedesanges\/wp-json\/wp\/v2\/users\/1"}],"replies":[{"embeddable":true,"href":"https:\/\/collegetroisvallees.be\/notredamedesanges\/wp-json\/wp\/v2\/comments?post=47"}],"version-history":[{"count":135,"href":"https:\/\/collegetroisvallees.be\/notredamedesanges\/wp-json\/wp\/v2\/pages\/47\/revisions"}],"predecessor-version":[{"id":10535,"href":"https:\/\/collegetroisvallees.be\/notredamedesanges\/wp-json\/wp\/v2\/pages\/47\/revisions\/10535"}],"wp:attachment":[{"href":"https:\/\/collegetroisvallees.be\/notredamedesanges\/wp-json\/wp\/v2\/media?parent=47"}],"curies":[{"name":"wp","href":"https:\/\/api.w.org\/{rel}","templated":true}]}}